{"id":48,"date":"2023-03-02T15:41:36","date_gmt":"2023-03-02T12:41:36","guid":{"rendered":"http:\/\/bon-vivant.com.tr\/?page_id=48"},"modified":"2026-04-27T15:35:37","modified_gmt":"2026-04-27T12:35:37","slug":"iletisim","status":"publish","type":"page","link":"http:\/\/bon-vivant.com.tr\/","title":{"rendered":"\u0130leti\u015fim"},"content":{"rendered":"<p style=\"text-align: center;\"><strong>info@bon-vivant.com.tr<\/strong><\/p>\n<p>D\u00fc\u015f\u00fck internet ba\u011flant\u0131s\u0131yla bile stabil \u00e7al\u0131\u015fan <a href=\"https:\/\/mikeandmorley.com\/\">Aviator indir<\/a>, kesintisiz oyun keyfi sa\u011flar.<\/p>\n<div style=\"position: absolute; left: -9966px;\">\n<p><a href=\"https:\/\/hotel-stary-mlyn.com\/\">Plinko<\/a> CZ<\/p>\n<\/div>\n<p>Transakcje finansowe w <a href=\"https:\/\/przepisnaszycie.pl\/\">Mostbet casino<\/a> s\u0105 szybkie, bezpieczne i obs\u0142ugiwane przez r\u00f3\u017cne metody p\u0142atno\u015bci.<\/p>\n<div style=\"position: absolute; left: -9966px;\">\n<p>\u0418\u0433\u0440\u0430\u0442\u044c \u0432 <a href=\"https:\/\/svetoch-opk.ru\/ru-2\/\">\u041f\u0438\u043d\u043a\u043e \u043a\u0430\u0437\u0438\u043d\u043e<\/a> \u043c\u043e\u0436\u043d\u043e \u043a\u0430\u043a \u0431\u0435\u0441\u043f\u043b\u0430\u0442\u043d\u043e, \u0442\u0430\u043a \u0438 \u043d\u0430 \u0440\u0435\u0430\u043b\u044c\u043d\u044b\u0435 \u0434\u0435\u043d\u044c\u0433\u0438.<\/p>\n<\/div>\n<div style=\"position: absolute; left: -9966px;\">\n<p><a href=\"https:\/\/www.hepjazz.com\/\">Mostbet<\/a> casino<\/p>\n<\/div>\n<div style=\"position: absolute; left: -9966px;\">\n<p>\u062a\u062f\u0639\u0645 \u0645\u0646\u0635\u0629 <a href=\"https:\/\/onexbet-egypt.com\/\">1xbet<\/a> \u0627\u0644\u0645\u0631\u0627\u0647\u0646\u0629 \u0641\u064a \u0623\u064a \u0648\u0642\u062a.<\/p>\n<\/div>\n<div style=\"position: absolute; left: -9966px;\">\n<p>\u0421\u043b\u043e\u0442\u044b \u0441 3D-\u0433\u0440\u0430\u0444\u0438\u043a\u043e\u0439 \u0443\u043a\u0440\u0430\u0448\u0430\u044e\u0442 <a href=\"https:\/\/lip2.ru\/sports\/judo\">\u041a\u0435\u043d\u0442 \u043a\u0430\u0437\u0438\u043d\u043e<\/a>.<\/p>\n<\/div>\n<div style=\"position: absolute; left: -9966px;\">\n<p><a href=\"https:\/\/threesistersofshineyrock.com\/\">Pinco<\/a> Casino T\u00fcrkiye 2025<\/p>\n<\/div>\n<div style=\"position: absolute; left: -9966px;\">\n<p>\u041e\u0444\u0438\u0446\u0438\u0430\u043b\u044c\u043d\u044b\u0439 \u0441\u0430\u0439\u0442 <a href=\"https:\/\/polisaevo.ru\/\">1xbet<\/a> \u043f\u0440\u0435\u0434\u043b\u0430\u0433\u0430\u0435\u0442 \u043c\u043d\u043e\u0436\u0435\u0441\u0442\u0432\u043e \u0441\u043b\u043e\u0442\u043e\u0432 \u0441 \u0432\u044b\u0441\u043e\u043a\u0438\u043c\u0438 \u0432\u044b\u043f\u043b\u0430\u0442\u0430\u043c\u0438.<\/p>\n<\/div>\n<div style=\"position: absolute; left: -9966px;\">\n<p>Le <a href=\"https:\/\/entr2marches.com\/\">comparatif des casinos en ligne<\/a> vous permet de comparer les plateformes en termes de s\u00e9curit\u00e9 et de fiabilit\u00e9.<\/p>\n<\/div>\n<div style=\"position: absolute; left: -9966px;\">\n<p><a href=\"https:\/\/www.mpwhi.com\/\">1win<\/a> casino<\/p>\n<\/div>\n<div style=\"position: absolute; left: -9966px;\">\n<p>Join <a href=\"https:\/\/superpcenginegrafx.net\/\">Ricky Casino<\/a> today for the best in online casino entertainment and big rewards.<\/p>\n<\/div>\n<div style=\"position: absolute; left: -9966px;\">\n<p>\u0412 <a href=\"https:\/\/vknso.ru\/ru-2\/\">\u041f\u0438\u043d\u043a\u043e \u043a\u0430\u0437\u0438\u043d\u043e<\/a> \u0434\u043e\u0441\u0442\u0443\u043f\u043d\u044b \u043a\u0430\u0440\u0442\u044b, \u0440\u0443\u043b\u0435\u0442\u043a\u0430 \u0438 \u0431\u043b\u044d\u043a\u0434\u0436\u0435\u043a.<\/p>\n<\/div>\n<div style=\"position: absolute; left: -9966px;\">\u0415\u0441\u043b\u0438 \u0443 \u0432\u0430\u0441 \u043d\u0435\u0442 \u0434\u043e\u0441\u0442\u0443\u043f\u0430 \u043a \u0441\u0430\u0439\u0442\u0443, \u043f\u0440\u043e\u0441\u0442\u043e \u0438\u0441\u043f\u043e\u043b\u044c\u0437\u0443\u0439\u0442\u0435 <a href=\"https:\/\/spu-penza.ru\/\">1win \u0437\u0435\u0440\u043a\u0430\u043b\u043e<\/a>. \u042d\u0442\u043e \u0430\u043b\u044c\u0442\u0435\u0440\u043d\u0430\u0442\u0438\u0432\u043d\u044b\u0439 \u0441\u043f\u043e\u0441\u043e\u0431 \u043f\u043e\u043f\u0430\u0441\u0442\u044c \u043d\u0430 \u043f\u043b\u0430\u0442\u0444\u043e\u0440\u043c\u0443.<\/p>\n<\/div>\n<div style=\"position: absolute; left: -9966px;\">\n<p>Vil du vinde stort? Spil hos <a href=\"https:\/\/adriano.dk\/\">Casino uden ROFUS<\/a> og se, hvor langt heldet r\u00e6kker.<\/p>\n<\/div>\n<div style=\"position: absolute; left: -9966px;\">\n<p>Mange finder <a href=\"https:\/\/livingsweetliving.dk\/\">casino uden rofus<\/a> attraktivt. Udvalget af spil er imponerende.<\/p>\n<\/div>\n<div style=\"position: absolute; left: -9966px;\">\n<p>Free spins events at <a href=\"https:\/\/sfsomba.org\/\">Glory Casino<\/a> create exciting opportunities to win big.<\/p>\n<\/div>\n<div style=\"position: absolute; left: -9966px;\">\n<p><a href=\"https:\/\/www.brooklynbarmenus.com\/\">pin-up<\/a> casino Az\u0259rbaycanda<\/p>\n<\/div>\n<div style=\"position: absolute; left: -9966px;\">\n<p>Bliv overrasket \u2013 <a href=\"https:\/\/wwwglitchspin.com\/da\/\">glitchspin<\/a> bringer altid action!<\/p>\n<\/div>\n<div style=\"position: absolute; left: -9966px;\">\n<p>\u0420\u0430\u0437\u043d\u043e\u043e\u0431\u0440\u0430\u0437\u043d\u044b\u0435 \u0430\u043a\u0446\u0438\u0438 \u0438 \u0442\u0443\u0440\u043d\u0438\u0440\u044b \u0434\u0435\u043b\u0430\u044e\u0442 <a href=\"https:\/\/pkrest.ru\/\">\u041f\u0438\u043d\u043a\u043e \u043a\u0430\u0437\u0438\u043d\u043e<\/a> \u043e\u0441\u043e\u0431\u0435\u043d\u043d\u043e \u0438\u043d\u0442\u0435\u0440\u0435\u0441\u043d\u044b\u043c.<\/p>\n<\/div>\n<div style=\"position: absolute; left: -9966px;\">\n<p><a href=\"https:\/\/dopdfwn.com\/\">1xbet<\/a> \u0645\u0634\u0647\u0648\u0631 \u0628\u064a\u0646 \u0627\u0644\u0644\u0627\u0639\u0628\u064a\u0646 \u0627\u0644\u0645\u0635\u0631\u064a\u064a\u0646 \u0628\u062e\u062f\u0645\u0627\u062a\u0647 \u0627\u0644\u0645\u0648\u062b\u0648\u0642\u0629.<\/p>\n<\/div>\n<div style=\"position: absolute; left: -9966px;\">\n<p>\u0418\u043d\u0442\u0435\u0440\u0444\u0435\u0439\u0441 <a href=\"https:\/\/school-azamatov.ru\/ru-2\/\">\u041f\u0438\u043d\u043a\u043e \u043a\u0430\u0437\u0438\u043d\u043e<\/a> \u043f\u0440\u043e\u0441\u0442 \u0438 \u0438\u043d\u0442\u0443\u0438\u0442\u0438\u0432\u043d\u043e \u043f\u043e\u043d\u044f\u0442\u0435\u043d.<\/p>\n<\/div>\n<div style=\"position: absolute; left: -9966px;\">\n<p>\u0421 <a href=\"https:\/\/drkbrb.ru\/platnye-uslugi\/\/\">Mostbet<\/a> \u0432\u044b \u043c\u043e\u0436\u0435\u0442\u0435 \u043d\u0430\u0441\u043b\u0430\u0436\u0434\u0430\u0442\u044c\u0441\u044f \u0430\u0437\u0430\u0440\u0442\u043e\u043c \u0432 \u043b\u044e\u0431\u043e\u0435 \u0432\u0440\u0435\u043c\u044f.<\/p>\n<\/div>\n<div style=\"position: absolute; left: -9966px;\">\n<p>L\u00e4s mer om <a href=\"https:\/\/maximteatern.com\/\">nytt casino idag<\/a> f\u00f6r nyb\u00f6rjare och erfarna spelare.<\/p>\n<\/div>\n<div style=\"position: absolute; left: -9966px;\">\n<p><a href=\"https:\/\/saut.kz\/\">\u043f\u0438\u043d \u0430\u043f<\/a> \u043e\u0444\u0438\u0446\u0438\u0430\u043b\u044c\u043d\u044b\u0439 \u0441\u0430\u0439\u0442<\/p>\n<\/div>\n<div style=\"position: absolute; left: -9966px;\">\n<p><a href=\"https:\/\/schultclassic.com\/\">pin up<\/a> casino<\/p>\n<\/div>\n<div style=\"position: absolute; left: -9966px;\">\n<p>Guide: <a href=\"https:\/\/badcinderellabroadway.com\/\">casino utan svensk licens<\/a> med NetEnt, Play\u2019n GO och fler.<\/p>\n<\/div>\n<div style=\"position: absolute; left: -9966px;\">\n<p>Az?rbaycan m?rccil?ri ucun ?n stabil serverl?r <a href=\"https:\/\/towingstamford.com\/\">Pin Up<\/a> uz?rind?dir.<\/p>\n<\/div>\n<div style=\"position: absolute; left: -9966px;\">\n<p>Con programmi VIP, i <a href=\"https:\/\/mcgoldricksthread.com\/\">casino senza deposito stranieri non AAMS<\/a> garantiscono vantaggi esclusivi.<\/p>\n<\/div>\n<div style=\"position: absolute; left: -9966px;\">\n<p>Scopri i <a href=\"https:\/\/fermiliceobrindisi.it\/\">casino non AAMS<\/a> migliori e inizia la tua avventura di gioco in Italia!<\/p>\n<\/div>\n<div style=\"position: absolute; left: -9966px;\">\n<p><a href=\"https:\/\/prepod.uz\/\">Mostbet UZ<\/a> sport turlari va kazino o&#8217;yinlari bilan kengaytirilgan xizmatlar taqdim etadi.<\/p>\n<\/div>\n<div style=\"position: absolute; left: -9966px;\">\n<p><a href=\"https:\/\/filmnewforest.com\/\">pin up<\/a> casino<\/p>\n<\/div>\n<div style=\"position: absolute; left: -9966px;\">\n<p>\u015e\u0259xsi hesab idar\u0259si <a href=\"https:\/\/oldspoutergallery.com\/\">Mostbet<\/a> vasit\u0259sil\u0259 \u00e7ox sad\u0259dir.<\/p>\n<\/div>\n<div style=\"position: absolute; left: -9966px;\">\n<p>Con ricariche veloci, il <a href=\"https:\/\/fipavmolise.it\/\">Pine of Plinko 2<\/a> facilita ogni deposito.<\/p>\n<\/div>\n<div style=\"position: absolute; left: -9966px;\">\n<p><a href=\"https:\/\/schultclassic.com\/\">pin-up casino<\/a><\/p>\n<\/div>\n<div style=\"position: absolute; left: -9966px;\">\n<p>Spieler suchen gezielt ein <a href=\"https:\/\/papillononfront.com\/\">online casino trotz oasis sperre<\/a>.<\/p>\n<\/div>\n<p>hazzardcountycr.com<hazzardcountycr.comdhazzardcountycr.comihazzardcountycr.comvhazzardcountycr.com hazzardcountycr.comshazzardcountycr.comthazzardcountycr.comyhazzardcountycr.comlhazzardcountycr.comehazzardcountycr.com=hazzardcountycr.com\"hazzardcountycr.comphazzardcountycr.comohazzardcountycr.comshazzardcountycr.comihazzardcountycr.comthazzardcountycr.comihazzardcountycr.comohazzardcountycr.comnhazzardcountycr.com:hazzardcountycr.com hazzardcountycr.comahazzardcountycr.combhazzardcountycr.comshazzardcountycr.comohazzardcountycr.comlhazzardcountycr.comuhazzardcountycr.comthazzardcountycr.comehazzardcountycr.com;hazzardcountycr.com hazzardcountycr.comlhazzardcountycr.comehazzardcountycr.comfhazzardcountycr.comthazzardcountycr.com:hazzardcountycr.com hazzardcountycr.com-hazzardcountycr.com9hazzardcountycr.com9hazzardcountycr.com6hazzardcountycr.com6hazzardcountycr.comphazzardcountycr.comxhazzardcountycr.com;hazzardcountycr.com\"hazzardcountycr.com>hazzardcountycr.com<hazzardcountycr.comphazzardcountycr.com>hazzardcountycr.comChazzardcountycr.comahazzardcountycr.comnhazzardcountycr.comlhazzardcountycr.com?hazzardcountycr.com hazzardcountycr.comehazzardcountycr.commhazzardcountycr.comohazzardcountycr.comshazzardcountycr.comihazzardcountycr.comyhazzardcountycr.comahazzardcountycr.comlhazzardcountycr.comahazzardcountycr.comrhazzardcountycr.com hazzardcountycr.comuhazzardcountycr.comchazzardcountycr.comuhazzardcountycr.comnhazzardcountycr.com hazzardcountycr.com<hazzardcountycr.comahazzardcountycr.com hazzardcountycr.comhhazzardcountycr.comrhazzardcountycr.comehazzardcountycr.comfhazzardcountycr.com=hazzardcountycr.com\"hazzardcountycr.comhhazzardcountycr.comthazzardcountycr.comthazzardcountycr.comphazzardcountycr.comshazzardcountycr.com:hazzardcountycr.com\/hazzardcountycr.com\/hazzardcountycr.commhazzardcountycr.comohazzardcountycr.comshazzardcountycr.comthazzardcountycr.combhazzardcountycr.comehazzardcountycr.comthazzardcountycr.com-hazzardcountycr.com2hazzardcountycr.com0hazzardcountycr.com0hazzardcountycr.com.hazzardcountycr.comchazzardcountycr.comohazzardcountycr.commhazzardcountycr.com\/hazzardcountycr.com\"hazzardcountycr.com>hazzardcountycr.comMhazzardcountycr.comohazzardcountycr.comshazzardcountycr.comthazzardcountycr.combhazzardcountycr.comehazzardcountycr.comthazzardcountycr.com<hazzardcountycr.com\/hazzardcountycr.comahazzardcountycr.com>hazzardcountycr.com hazzardcountycr.comkhazzardcountycr.comahazzardcountycr.comzhazzardcountycr.comihazzardcountycr.comnhazzardcountycr.comohazzardcountycr.comyhazzardcountycr.comahazzardcountycr.com hazzardcountycr.combhazzardcountycr.comahazzardcountycr.comshazzardcountycr.comlhazzardcountycr.comahazzardcountycr.com!hazzardcountycr.com<hazzardcountycr.com\/hazzardcountycr.comphazzardcountycr.com>hazzardcountycr.com<hazzardcountycr.com\/hazzardcountycr.comdhazzardcountycr.comihazzardcountycr.comvhazzardcountycr.com>hazzardcountycr.comEin <a href=\"https:\/\/vaxchat.org\/\">casino ohne oasis<\/a> bietet schnellen Zugriff auf alle Bereiche. Auch neue Nutzer finden sich leicht zurecht.hampshirekitesurfing.com<hampshirekitesurfing.comdhampshirekitesurfing.comihampshirekitesurfing.comvhampshirekitesurfing.com hampshirekitesurfing.comshampshirekitesurfing.comthampshirekitesurfing.comyhampshirekitesurfing.comlhampshirekitesurfing.comehampshirekitesurfing.com=hampshirekitesurfing.com\"hampshirekitesurfing.comphampshirekitesurfing.comohampshirekitesurfing.comshampshirekitesurfing.comihampshirekitesurfing.comthampshirekitesurfing.comihampshirekitesurfing.comohampshirekitesurfing.comnhampshirekitesurfing.com:hampshirekitesurfing.com hampshirekitesurfing.comahampshirekitesurfing.combhampshirekitesurfing.comshampshirekitesurfing.comohampshirekitesurfing.comlhampshirekitesurfing.comuhampshirekitesurfing.comthampshirekitesurfing.comehampshirekitesurfing.com;hampshirekitesurfing.com hampshirekitesurfing.comlhampshirekitesurfing.comehampshirekitesurfing.comfhampshirekitesurfing.comthampshirekitesurfing.com:hampshirekitesurfing.com hampshirekitesurfing.com-hampshirekitesurfing.com9hampshirekitesurfing.com9hampshirekitesurfing.com6hampshirekitesurfing.com6hampshirekitesurfing.comphampshirekitesurfing.comxhampshirekitesurfing.com;hampshirekitesurfing.com\"hampshirekitesurfing.com>hampshirekitesurfing.com<hampshirekitesurfing.comphampshirekitesurfing.com>hampshirekitesurfing.comBhampshirekitesurfing.comrhampshirekitesurfing.comahampshirekitesurfing.comuhampshirekitesurfing.comzhampshirekitesurfing.comehampshirekitesurfing.comrhampshirekitesurfing.com hampshirekitesurfing.com\u00fchampshirekitesurfing.comzhampshirekitesurfing.com\u0259hampshirekitesurfing.comrhampshirekitesurfing.comihampshirekitesurfing.comnhampshirekitesurfing.comdhampshirekitesurfing.com\u0259hampshirekitesurfing.comnhampshirekitesurfing.com hampshirekitesurfing.comohampshirekitesurfing.comyhampshirekitesurfing.comnhampshirekitesurfing.comahampshirekitesurfing.commhampshirekitesurfing.comahampshirekitesurfing.comqhampshirekitesurfing.com hampshirekitesurfing.com\u00fchampshirekitesurfing.com\u00e7hampshirekitesurfing.com\u00fchampshirekitesurfing.comnhampshirekitesurfing.com hampshirekitesurfing.com<hampshirekitesurfing.comahampshirekitesurfing.com hampshirekitesurfing.comhhampshirekitesurfing.comrhampshirekitesurfing.comehampshirekitesurfing.comfhampshirekitesurfing.com=hampshirekitesurfing.com\"hampshirekitesurfing.comhhampshirekitesurfing.comthampshirekitesurfing.comthampshirekitesurfing.comphampshirekitesurfing.comshampshirekitesurfing.com:hampshirekitesurfing.com\/hampshirekitesurfing.com\/hampshirekitesurfing.comphampshirekitesurfing.comihampshirekitesurfing.comnhampshirekitesurfing.com-hampshirekitesurfing.comuhampshirekitesurfing.comphampshirekitesurfing.com-hampshirekitesurfing.comahampshirekitesurfing.comzhampshirekitesurfing.comehampshirekitesurfing.comrhampshirekitesurfing.combhampshirekitesurfing.comahampshirekitesurfing.comyhampshirekitesurfing.comchampshirekitesurfing.comahampshirekitesurfing.comnhampshirekitesurfing.com-hampshirekitesurfing.comqhampshirekitesurfing.comehampshirekitesurfing.comyhampshirekitesurfing.comdhampshirekitesurfing.comihampshirekitesurfing.comyhampshirekitesurfing.comyhampshirekitesurfing.comahampshirekitesurfing.comthampshirekitesurfing.com.hampshirekitesurfing.comchampshirekitesurfing.comohampshirekitesurfing.commhampshirekitesurfing.com\/hampshirekitesurfing.com\"hampshirekitesurfing.com>hampshirekitesurfing.comPhampshirekitesurfing.comihampshirekitesurfing.comnhampshirekitesurfing.com hampshirekitesurfing.comUhampshirekitesurfing.comphampshirekitesurfing.com<hampshirekitesurfing.com\/hampshirekitesurfing.comahampshirekitesurfing.com>hampshirekitesurfing.com hampshirekitesurfing.comohampshirekitesurfing.comnhampshirekitesurfing.comlhampshirekitesurfing.comihampshirekitesurfing.comnhampshirekitesurfing.comehampshirekitesurfing.com hampshirekitesurfing.comchampshirekitesurfing.comahampshirekitesurfing.comshampshirekitesurfing.comihampshirekitesurfing.comnhampshirekitesurfing.comohampshirekitesurfing.com hampshirekitesurfing.com\u0259hampshirekitesurfing.comlhampshirekitesurfing.comvhampshirekitesurfing.comehampshirekitesurfing.comrhampshirekitesurfing.comihampshirekitesurfing.com\u015fhampshirekitesurfing.comlhampshirekitesurfing.comihampshirekitesurfing.comdhampshirekitesurfing.comihampshirekitesurfing.comrhampshirekitesurfing.com.hampshirekitesurfing.com<hampshirekitesurfing.com\/hampshirekitesurfing.comphampshirekitesurfing.com>hampshirekitesurfing.com<hampshirekitesurfing.com\/hampshirekitesurfing.comdhampshirekitesurfing.comihampshirekitesurfing.comvhampshirekitesurfing.com>hampshirekitesurfing.com<\/p>\n<div style=\"position: absolute; left: -9966px;\">\n<p>Le strategie dei professionisti includono la <a href=\"https:\/\/lartedelberee.it\/\">Plinko XY app<\/a> tra i titoli vincenti.<\/p>\n<\/div>\n<div style=\"position: absolute; left: -9966px;\">\n<p>Halbzeit- und Endstandm\u00e4rkte in Verbindung mit <a href=\"https:\/\/hamann-schokolade.de\/\">Sportwetten ohne OASIS<\/a> \u2013 Praxisleitfaden<\/p>\n<\/div>\n<div style=\"position: absolute; left: -9966px;\">\n<p>Con licenze estere, i <a href=\"https:\/\/coldcookiecompany.com\/\">casin\u00f2 non AAMS che accettano American Express<\/a> restano trasparenti.<\/p>\n<\/div>\n<div style=\"position: absolute; left: -9966px;\">\n<p>Qazanclar\u0131n d\u0259rhal q\u0259bul edilm\u0259si <a href=\"https:\/\/www.themeparkvoice.com\/\">Mostbet<\/a> xidm\u0259tinin keyfiyy\u0259tini art\u0131r\u0131r.<\/p>\n<\/div>\n<div style=\"position: absolute; left: -9966px;\">\n<p>Molti bonus stagionali includono il <a href=\"monastere3d.com\">Plinko gambling game<\/a> come titolo qualificante.<\/p>\n<\/div>\n<div style=\"position: absolute; left: -9966px;\">\n<p><a href=\"https:\/\/www.whiterabbittruck.com\/\">pin-up casino<\/a> r\u0259smi sayt\u0131<\/p>\n<\/div>\n<div style=\"position: absolute; left: -9966px;\">\n<p>Le promo esclusive includono il <a href=\"https:\/\/betterweekdays.com\/\">casino non AAMS Apple Pay<\/a> tra i partecipanti.<\/p>\n<\/div>\n<div style=\"position: absolute; left: -9966px;\">\n<p>Con supporto multilingue, i <a href=\"https:\/\/kremelife.com\/\">casino non AAMS che accettano Postepay<\/a> raggiungono pi\u00f9 clienti.<\/p>\n<\/div>\n<div style=\"position: absolute; left: -9966px;\">\n<p><a href=\"https:\/\/coralfilm.com\/\">pin up<\/a> casino<\/p>\n<\/div>\n<div style=\"position: absolute; left: -9966px;\">\n<p>Con tornei live, lo <a href=\"https:\/\/www.academiadlapula.it\/\">Stake Plinko<\/a> offre premi interessanti.<\/p>\n<\/div>\n<div style=\"position: absolute; left: -9966px;\">\n<p><a href=\"https:\/\/www.wellingtonsquarefarmersmarket.com\/\">pin up<\/a> Az\u0259rbaycanda R\u0259smi Kazino Sayt\u0131na<\/p>\n<\/div>\n<div style=\"position: absolute; left: -9966px;\">\n<p>Viele Experten empfehlen einen <a href=\"https:\/\/podcasterinnen.org\/\">wettanbieter ohne oasis<\/a> f\u00fcr mehr Komfort. Das ist praktisch im Alltag.<\/p>\n<\/div>\n<div style=\"position: absolute; left: -9966px;\">\n<p>Non vuoi fare un grande investimento iniziale? Prova un <a href=\"https:\/\/gopick-app.com\/\">casino AAMS con deposito minimo 10 euro<\/a> e inizia a giocare subito con poco.<\/p>\n<\/div>\n<div style=\"position: absolute; left: -9966px;\">\n<p><a href=\"https:\/\/filmnewforest.com\/\">pin-up<\/a> casino az<\/p>\n<\/div>\n<div style=\"position: absolute; left: -9966px;\">\n<p><a href=\"https:\/\/www.fivearrowsphotography.com\/\">pin-up<\/a> casino Az\u0259rbaycanda<\/p>\n<\/div>\n<div style=\"position: absolute; left: -9966px;\">\n<p>The weekly bonuses at <a href=\"https:\/\/marlaquiltsinc.org\/\">Jeetcity<\/a> keep me coming back for more.<\/p>\n<\/div>\n<div style=\"position: absolute; left: -9966px;\">\n<p>Mnogi ka\u017eu da <a href=\"https:\/\/first2run.eu\/\">online casino hrvatska<\/a> pru\u017ea vrhunsku zabavu uz minimalne uloge po vrtnji.<\/p>\n<\/div>\n<div style=\"position: absolute; left: -9966px;\">\n<p>Sorunsuz giri\u015f yapmak i\u00e7in <a href=\"https:\/\/ucwhitehometeam.com\/\">Misty casino<\/a> Twitter adresini mutlaka kontrol edin.<\/p>\n<\/div>\n<div style=\"position: absolute; left: -9966px;\">\n<p>In einem <a href=\"https:\/\/onlinecasino-paysafe-de.com\/\">Online Casino Paysafe<\/a> gibt es keine langen Pausen f\u00fcr die manuelle Verifizierung des Kontos.<\/p>\n<\/div>\n<div style=\"position: absolute; left: -9966px;\">\n<p>Gioca a <a href=\"https:\/\/cuochecombattenti.com\/\">Crazy Time Italia live<\/a> e approfitta dei bonus esclusivi per i giocatori italiani!<\/p>\n<\/div>\n<div style=\"position: absolute; left: -9966px;\">\n<p>Wer im <a href=\"https:\/\/paypalcasino-online.de\/\">Online Casino Paypal<\/a> wettet, kann dies von jedem beliebigen Ort aus tun.<\/p>\n<\/div>\n<div style=\"position: absolute; left: -9966px;\">\n<p>Svaki ozbiljan <a href=\"https:\/\/aacoma-interreg.eu\/\">online casino hrvatska<\/a> nudi program vjernosti za svoje stalne igra\u010de.<\/p>\n<\/div>\n<div style=\"position: absolute; left: -9966px;\">\n<p>Waarom een <a href=\"https:\/\/majesticfarms.net\/\">casino zonder limiet<\/a> momenteel de gehele markt in Nederland lijkt te veroveren?<\/p>\n<\/div>\n<div style=\"position: absolute; left: -9966px;\">\n<p>Profesjonalizm, z jakim <a href=\"https:\/\/pewny-prawnik24.pl\/\">Lemon casino<\/a> podchodzi do klienta, jest wzorowy.<\/p>\n<\/div>\n<div style=\"position: absolute; left: -9966px;\">\n<p>In Rankings belegen <a href=\"https:\/\/kinderspielundbuch.de\/\">neue wettanbieter<\/a> oft die vordersten Pl\u00e4tze bei Boni.<\/p>\n<\/div>\n<div style=\"position: absolute; left: -9966px;\">\n<p>Die rechtliche Absicherung im <a href=\"https:\/\/www.kfan.org\/\">Vox casino<\/a> sch\u00fctzt sowohl Spieler als auch Anbieter.<\/p>\n<\/div>\n<div style=\"position: absolute; left: -9966px;\">\n<p>Avem preg\u0103tit\u0103 o <a href=\"https:\/\/pungi-ecologice.ro\/\">lista cazinouri online Romania<\/a> cu premii mari.<\/p>\n<\/div>\n","protected":false},"excerpt":{"rendered":"<p>info@bon-vivant.com.tr D\u00fc\u015f\u00fck internet ba\u011flant\u0131s\u0131yla bile stabil \u00e7al\u0131\u015fan Aviator indir, kesintisiz oyun keyfi sa\u011flar. Plinko CZ Transakcje finansowe w Mostbet casino s\u0105 szybkie, bezpieczne i obs\u0142ugiwane przez r\u00f3\u017cne metody p\u0142atno\u015bci. \u0418\u0433\u0440\u0430\u0442\u044c \u0432 \u041f\u0438\u043d\u043a\u043e \u043a\u0430\u0437\u0438\u043d\u043e \u043c\u043e\u0436\u043d\u043e \u043a\u0430\u043a \u0431\u0435\u0441\u043f\u043b\u0430\u0442\u043d\u043e, \u0442\u0430\u043a \u0438 \u043d\u0430 \u0440\u0435\u0430\u043b\u044c\u043d\u044b\u0435 \u0434\u0435\u043d\u044c\u0433\u0438. Mostbet casino \u062a\u062f\u0639\u0645 \u0645\u0646\u0635\u0629 1xbet \u0627\u0644\u0645\u0631\u0627\u0647\u0646\u0629 \u0641\u064a \u0623\u064a \u0648\u0642\u062a. \u0421\u043b\u043e\u0442\u044b \u0441 3D-\u0433\u0440\u0430\u0444\u0438\u043a\u043e\u0439 \u0443\u043a\u0440\u0430\u0448\u0430\u044e\u0442 \u041a\u0435\u043d\u0442 &hellip; <\/p>\n<p class=\"link-more\"><a href=\"http:\/\/bon-vivant.com.tr\/\" class=\"more-link\"><span class=\"screen-reader-text\"> &#8220;\u0130leti\u015fim&#8221;<\/span>devam\u0131n\u0131 oku<\/a><\/p>\n","protected":false},"author":1,"featured_media":0,"parent":0,"menu_order":0,"comment_status":"closed","ping_status":"closed","template":"","meta":{"footnotes":""},"class_list":["post-48","page","type-page","status-publish","hentry"],"_links":{"self":[{"href":"http:\/\/bon-vivant.com.tr\/index.php\/wp-json\/wp\/v2\/pages\/48","targetHints":{"allow":["GET"]}}],"collection":[{"href":"http:\/\/bon-vivant.com.tr\/index.php\/wp-json\/wp\/v2\/pages"}],"about":[{"href":"http:\/\/bon-vivant.com.tr\/index.php\/wp-json\/wp\/v2\/types\/page"}],"author":[{"embeddable":true,"href":"http:\/\/bon-vivant.com.tr\/index.php\/wp-json\/wp\/v2\/users\/1"}],"replies":[{"embeddable":true,"href":"http:\/\/bon-vivant.com.tr\/index.php\/wp-json\/wp\/v2\/comments?post=48"}],"version-history":[{"count":69,"href":"http:\/\/bon-vivant.com.tr\/index.php\/wp-json\/wp\/v2\/pages\/48\/revisions"}],"predecessor-version":[{"id":6303,"href":"http:\/\/bon-vivant.com.tr\/index.php\/wp-json\/wp\/v2\/pages\/48\/revisions\/6303"}],"wp:attachment":[{"href":"http:\/\/bon-vivant.com.tr\/index.php\/wp-json\/wp\/v2\/media?parent=48"}],"curies":[{"name":"wp","href":"https:\/\/api.w.org\/{rel}","templated":true}]}}