{"id":30,"date":"2023-03-02T15:22:52","date_gmt":"2023-03-02T12:22:52","guid":{"rendered":"http:\/\/bon-vivant.com.tr\/?page_id=30"},"modified":"2023-03-02T15:44:00","modified_gmt":"2023-03-02T12:44:00","slug":"glencairn-glass","status":"publish","type":"page","link":"http:\/\/bon-vivant.com.tr\/index.php\/glencairn-glass\/","title":{"rendered":"Glenca\u0131rn Glass\u00a0"},"content":{"rendered":"\r\n<figure class=\"wp-block-image size-full\"><img loading=\"lazy\" decoding=\"async\" class=\" wp-image-34 alignleft\" src=\"http:\/\/bon-vivant.com.tr\/wp-content\/uploads\/2023\/03\/Glencairn_Whisky_Glass-176x300.jpg\" alt=\"\" width=\"130\" height=\"222\" srcset=\"http:\/\/bon-vivant.com.tr\/wp-content\/uploads\/2023\/03\/Glencairn_Whisky_Glass-176x300.jpg 176w, http:\/\/bon-vivant.com.tr\/wp-content\/uploads\/2023\/03\/Glencairn_Whisky_Glass.jpg 205w\" sizes=\"auto, (max-width: 130px) 100vw, 130px\" \/><\/figure>\r\n<p>&nbsp;<\/p>\r\n<h3>Glencairn Glass\u00a0<\/h3>\r\n<p style=\"text-align: left;\">Single Malt viskinizden paran\u0131z\u0131n tam kar\u015f\u0131l\u0131\u011f\u0131n\u0131 alman\u0131z\u0131 sa\u011flayacak resmi viski barda\u011f\u0131.<\/p>\r\n<p style=\"text-align: left;\">\u0130sko\u00e7ya&#8217;dan Tar\u0131m ve Orman Bakanl\u0131\u011f\u0131 denetiminde ithal edilmi\u015ftir.<\/p>\r\n<p>&nbsp;<\/p>\r\n","protected":false},"excerpt":{"rendered":"","protected":false},"author":1,"featured_media":0,"parent":0,"menu_order":0,"comment_status":"closed","ping_status":"closed","template":"","meta":{"footnotes":""},"class_list":["post-30","page","type-page","status-publish","hentry"],"_links":{"self":[{"href":"http:\/\/bon-vivant.com.tr\/index.php\/wp-json\/wp\/v2\/pages\/30","targetHints":{"allow":["GET"]}}],"collection":[{"href":"http:\/\/bon-vivant.com.tr\/index.php\/wp-json\/wp\/v2\/pages"}],"about":[{"href":"http:\/\/bon-vivant.com.tr\/index.php\/wp-json\/wp\/v2\/types\/page"}],"author":[{"embeddable":true,"href":"http:\/\/bon-vivant.com.tr\/index.php\/wp-json\/wp\/v2\/users\/1"}],"replies":[{"embeddable":true,"href":"http:\/\/bon-vivant.com.tr\/index.php\/wp-json\/wp\/v2\/comments?post=30"}],"version-history":[{"count":9,"href":"http:\/\/bon-vivant.com.tr\/index.php\/wp-json\/wp\/v2\/pages\/30\/revisions"}],"predecessor-version":[{"id":44,"href":"http:\/\/bon-vivant.com.tr\/index.php\/wp-json\/wp\/v2\/pages\/30\/revisions\/44"}],"wp:attachment":[{"href":"http:\/\/bon-vivant.com.tr\/index.php\/wp-json\/wp\/v2\/media?parent=30"}],"curies":[{"name":"wp","href":"https:\/\/api.w.org\/{rel}","templated":true}]}}